{"id":439,"date":"2017-10-24T05:55:24","date_gmt":"2017-10-24T05:55:24","guid":{"rendered":"https:\/\/swedish-auto.com\/?page_id=439"},"modified":"2018-04-02T14:23:47","modified_gmt":"2018-04-02T14:23:47","slug":"services","status":"publish","type":"page","link":"https:\/\/swedish-auto.com\/fr\/services\/","title":{"rendered":"SERVICES"},"content":{"rendered":"<p><img decoding=\"async\" src=\"https:\/\/swedish-auto.com\/wp-content\/uploads\/2017\/10\/Maintanance-Repairs.svg\" alt=\"Maintanance &amp; Repairs\" itemprop=\"image\"  \/><\/p>\n<h2>\n\t\tENTRETIEN ET R\u00c9PARATIONS<br \/>\n\t<\/h2>\n<p>Nous pouvons nous occuper de toutes les r\u00e9parations m\u00e9caniques n\u00e9cessaires pour votre v\u00e9hicule, des entretiens et changements d\u2019huile r\u00e9gulier aux remplacements de diff\u00e9rentiels m\u00e9caniques.<\/p>\n<p>\t\t\t\t<img decoding=\"async\" src=\"https:\/\/swedish-auto.com\/wp-content\/uploads\/2017\/10\/Tires-Alignment.svg\" alt=\"Tires-Alignment\" itemprop=\"image\"  \/><\/p>\n<h2>\n\t\tPNEUS \/ ALIGNEMENT<br \/>\n\t<\/h2>\n<p>Nous avons une s\u00e9lection de pneus de toutes marques \u00e0 installer, \u00e9quilibrer et entreposer (entreposage saisonnier disponible). Notre machine d\u2019alignement quatre roues enti\u00e8rement informatis\u00e9e \u00e9liminera l\u2019usure potentielle de vos pneus.<\/p>\n<p>\t\t\t\t<img decoding=\"async\" src=\"https:\/\/swedish-auto.com\/wp-content\/uploads\/2017\/10\/Diagnostics.svg\" alt=\"Diagnostics\" itemprop=\"image\"  \/><\/p>\n<h2>\n\t\tDIAGNOSTICS<br \/>\n\t<\/h2>\n<p>Nous avons les ordinateurs pour diagnostiquer les probl\u00e8mes communs des v\u00e9hicules d\u2019aujourd\u2019hui que ce soit une v\u00e9rification du moteur, les lumi\u00e8res d\u2019\u00e9mission ou les probl\u00e8mes \u00e9lectriques<\/p>\n<p>\t\t\t\t<img decoding=\"async\" src=\"https:\/\/swedish-auto.com\/wp-content\/uploads\/2017\/10\/Body-Works.svg\" alt=\"Body Works\" itemprop=\"image\"  \/><\/p>\n<h2>\n\t\tCARROSSERIE ET PEINTURE<br \/>\n\t<\/h2>\n<p>En cas d\u2019accidents, d\u2019accrochages ou d\u2019\u00e9raflures, nous pouvons offrir des travaux de carrosserie et de peinture de qualit\u00e9.<\/p>\n<h2>\n\t\tSERVICES ADDITIONNELS<br \/>\n\t<\/h2>\n<p>Voitures de courtoisie, voitures de location et transport de courte distance jusqu\u2019au m\u00e9tro.<\/p>\n","protected":false},"excerpt":{"rendered":"<p>ENTRETIEN ET R\u00c9PARATIONS Nous pouvons nous occuper de toutes les r\u00e9parations m\u00e9caniques n\u00e9cessaires pour votre v\u00e9hicule, des entretiens et changements d\u2019huile r\u00e9gulier aux remplacements de diff\u00e9rentiels m\u00e9caniques. PNEUS \/ ALIGNEMENT Nous avons une s\u00e9lection de pneus de toutes marques \u00e0 installer, \u00e9quilibrer et entreposer (entreposage saisonnier disponible). Notre machine d\u2019alignement quatre roues enti\u00e8rement informatis\u00e9e \u00e9liminera l\u2019usure potentielle de vos pneus. DIAGNOSTICS Nous avons les ordinateurs pour diagnostiquer les probl\u00e8mes communs&#8230; <a href=\"https:\/\/swedish-auto.com\/fr\/services\/\" class=\"more-link\" >Lire la suite &raquo;<\/a><\/p>\n","protected":false},"author":4,"featured_media":0,"parent":0,"menu_order":0,"comment_status":"closed","ping_status":"closed","template":"services.php","meta":{"_acf_changed":false,"footnotes":""},"class_list":["post-439","page","type-page","status-publish","hentry"],"acf":[],"yoast_head":"<!-- This site is optimized with the Yoast SEO plugin v23.9 - https:\/\/yoast.com\/wordpress\/plugins\/seo\/ -->\n<title>SERVICES | Swedish Auto Center<\/title>\n<meta name=\"description\" content=\"Nos m\u00e9caniciens et techniciens sont sp\u00e9cialement form\u00e9s pour offrir des services de r\u00e9paration et d\u2019entretien sur tous les mod\u00e8les d&#039;auto de marque Volvo, Subaru ou Saab.\" \/>\n<meta name=\"robots\" content=\"index, follow, max-snippet:-1, max-image-preview:large, max-video-preview:-1\" \/>\n<link rel=\"canonical\" href=\"https:\/\/swedish-auto.com\/fr\/services\/\" \/>\n<meta property=\"og:locale\" content=\"fr_FR\" \/>\n<meta property=\"og:type\" content=\"article\" \/>\n<meta property=\"og:title\" content=\"SERVICES | Swedish Auto Center\" \/>\n<meta property=\"og:description\" content=\"Nos m\u00e9caniciens et techniciens sont sp\u00e9cialement form\u00e9s pour offrir des services de r\u00e9paration et d\u2019entretien sur tous les mod\u00e8les d&#039;auto de marque Volvo, Subaru ou Saab.\" \/>\n<meta property=\"og:url\" content=\"https:\/\/swedish-auto.com\/fr\/services\/\" \/>\n<meta property=\"og:site_name\" content=\"Swedish Auto Center\" \/>\n<meta property=\"article:publisher\" content=\"https:\/\/www.facebook.com\/swedishautocentre\/\" \/>\n<meta property=\"article:modified_time\" content=\"2018-04-02T14:23:47+00:00\" \/>\n<meta property=\"og:image\" content=\"https:\/\/swedish-auto.com\/wp-content\/uploads\/2017\/10\/Maintanance-Repairs.svg\" \/>\n<meta name=\"twitter:card\" content=\"summary_large_image\" \/>\n<meta name=\"twitter:label1\" content=\"Dur\u00e9e de lecture estim\u00e9e\" \/>\n\t<meta name=\"twitter:data1\" content=\"1 minute\" \/>\n<script type=\"application\/ld+json\" class=\"yoast-schema-graph\">{\"@context\":\"https:\/\/schema.org\",\"@graph\":[{\"@type\":\"WebPage\",\"@id\":\"https:\/\/swedish-auto.com\/fr\/services\/\",\"url\":\"https:\/\/swedish-auto.com\/fr\/services\/\",\"name\":\"SERVICES | Swedish Auto Center\",\"isPartOf\":{\"@id\":\"https:\/\/swedish-auto.com\/#website\"},\"primaryImageOfPage\":{\"@id\":\"https:\/\/swedish-auto.com\/fr\/services\/#primaryimage\"},\"image\":{\"@id\":\"https:\/\/swedish-auto.com\/fr\/services\/#primaryimage\"},\"thumbnailUrl\":\"https:\/\/swedish-auto.com\/wp-content\/uploads\/2017\/10\/Maintanance-Repairs.svg\",\"datePublished\":\"2017-10-24T05:55:24+00:00\",\"dateModified\":\"2018-04-02T14:23:47+00:00\",\"description\":\"Nos m\u00e9caniciens et techniciens sont sp\u00e9cialement form\u00e9s pour offrir des services de r\u00e9paration et d\u2019entretien sur tous les mod\u00e8les d'auto de marque Volvo, Subaru ou Saab.\",\"breadcrumb\":{\"@id\":\"https:\/\/swedish-auto.com\/fr\/services\/#breadcrumb\"},\"inLanguage\":\"fr-FR\",\"potentialAction\":[{\"@type\":\"ReadAction\",\"target\":[\"https:\/\/swedish-auto.com\/fr\/services\/\"]}]},{\"@type\":\"ImageObject\",\"inLanguage\":\"fr-FR\",\"@id\":\"https:\/\/swedish-auto.com\/fr\/services\/#primaryimage\",\"url\":\"https:\/\/swedish-auto.com\/wp-content\/uploads\/2017\/10\/Maintanance-Repairs.svg\",\"contentUrl\":\"https:\/\/swedish-auto.com\/wp-content\/uploads\/2017\/10\/Maintanance-Repairs.svg\"},{\"@type\":\"BreadcrumbList\",\"@id\":\"https:\/\/swedish-auto.com\/fr\/services\/#breadcrumb\",\"itemListElement\":[{\"@type\":\"ListItem\",\"position\":1,\"name\":\"Home\",\"item\":\"https:\/\/swedish-auto.com\/fr\/\"},{\"@type\":\"ListItem\",\"position\":2,\"name\":\"SERVICES\"}]},{\"@type\":\"WebSite\",\"@id\":\"https:\/\/swedish-auto.com\/#website\",\"url\":\"https:\/\/swedish-auto.com\/\",\"name\":\"Swedish Auto Center\",\"description\":\"Specialist of Volvo, Saab and Subaru cars.\",\"publisher\":{\"@id\":\"https:\/\/swedish-auto.com\/#organization\"},\"potentialAction\":[{\"@type\":\"SearchAction\",\"target\":{\"@type\":\"EntryPoint\",\"urlTemplate\":\"https:\/\/swedish-auto.com\/?s={search_term_string}\"},\"query-input\":{\"@type\":\"PropertyValueSpecification\",\"valueRequired\":true,\"valueName\":\"search_term_string\"}}],\"inLanguage\":\"fr-FR\"},{\"@type\":\"Organization\",\"@id\":\"https:\/\/swedish-auto.com\/#organization\",\"name\":\"Swedish Auto Center\",\"url\":\"https:\/\/swedish-auto.com\/\",\"logo\":{\"@type\":\"ImageObject\",\"inLanguage\":\"fr-FR\",\"@id\":\"https:\/\/swedish-auto.com\/#\/schema\/logo\/image\/\",\"url\":\"https:\/\/swedish-auto.com\/wp-content\/uploads\/2017\/10\/footer-logo.png\",\"contentUrl\":\"https:\/\/swedish-auto.com\/wp-content\/uploads\/2017\/10\/footer-logo.png\",\"width\":91,\"height\":85,\"caption\":\"Swedish Auto Center\"},\"image\":{\"@id\":\"https:\/\/swedish-auto.com\/#\/schema\/logo\/image\/\"},\"sameAs\":[\"https:\/\/www.facebook.com\/swedishautocentre\/\"]}]}<\/script>\n<!-- \/ Yoast SEO plugin. -->","yoast_head_json":{"title":"SERVICES | Swedish Auto Center","description":"Nos m\u00e9caniciens et techniciens sont sp\u00e9cialement form\u00e9s pour offrir des services de r\u00e9paration et d\u2019entretien sur tous les mod\u00e8les d'auto de marque Volvo, Subaru ou Saab.","robots":{"index":"index","follow":"follow","max-snippet":"max-snippet:-1","max-image-preview":"max-image-preview:large","max-video-preview":"max-video-preview:-1"},"canonical":"https:\/\/swedish-auto.com\/fr\/services\/","og_locale":"fr_FR","og_type":"article","og_title":"SERVICES | Swedish Auto Center","og_description":"Nos m\u00e9caniciens et techniciens sont sp\u00e9cialement form\u00e9s pour offrir des services de r\u00e9paration et d\u2019entretien sur tous les mod\u00e8les d'auto de marque Volvo, Subaru ou Saab.","og_url":"https:\/\/swedish-auto.com\/fr\/services\/","og_site_name":"Swedish Auto Center","article_publisher":"https:\/\/www.facebook.com\/swedishautocentre\/","article_modified_time":"2018-04-02T14:23:47+00:00","og_image":[{"url":"https:\/\/swedish-auto.com\/wp-content\/uploads\/2017\/10\/Maintanance-Repairs.svg"}],"twitter_card":"summary_large_image","twitter_misc":{"Dur\u00e9e de lecture estim\u00e9e":"1 minute"},"schema":{"@context":"https:\/\/schema.org","@graph":[{"@type":"WebPage","@id":"https:\/\/swedish-auto.com\/fr\/services\/","url":"https:\/\/swedish-auto.com\/fr\/services\/","name":"SERVICES | Swedish Auto Center","isPartOf":{"@id":"https:\/\/swedish-auto.com\/#website"},"primaryImageOfPage":{"@id":"https:\/\/swedish-auto.com\/fr\/services\/#primaryimage"},"image":{"@id":"https:\/\/swedish-auto.com\/fr\/services\/#primaryimage"},"thumbnailUrl":"https:\/\/swedish-auto.com\/wp-content\/uploads\/2017\/10\/Maintanance-Repairs.svg","datePublished":"2017-10-24T05:55:24+00:00","dateModified":"2018-04-02T14:23:47+00:00","description":"Nos m\u00e9caniciens et techniciens sont sp\u00e9cialement form\u00e9s pour offrir des services de r\u00e9paration et d\u2019entretien sur tous les mod\u00e8les d'auto de marque Volvo, Subaru ou Saab.","breadcrumb":{"@id":"https:\/\/swedish-auto.com\/fr\/services\/#breadcrumb"},"inLanguage":"fr-FR","potentialAction":[{"@type":"ReadAction","target":["https:\/\/swedish-auto.com\/fr\/services\/"]}]},{"@type":"ImageObject","inLanguage":"fr-FR","@id":"https:\/\/swedish-auto.com\/fr\/services\/#primaryimage","url":"https:\/\/swedish-auto.com\/wp-content\/uploads\/2017\/10\/Maintanance-Repairs.svg","contentUrl":"https:\/\/swedish-auto.com\/wp-content\/uploads\/2017\/10\/Maintanance-Repairs.svg"},{"@type":"BreadcrumbList","@id":"https:\/\/swedish-auto.com\/fr\/services\/#breadcrumb","itemListElement":[{"@type":"ListItem","position":1,"name":"Home","item":"https:\/\/swedish-auto.com\/fr\/"},{"@type":"ListItem","position":2,"name":"SERVICES"}]},{"@type":"WebSite","@id":"https:\/\/swedish-auto.com\/#website","url":"https:\/\/swedish-auto.com\/","name":"Swedish Auto Center","description":"Specialist of Volvo, Saab and Subaru cars.","publisher":{"@id":"https:\/\/swedish-auto.com\/#organization"},"potentialAction":[{"@type":"SearchAction","target":{"@type":"EntryPoint","urlTemplate":"https:\/\/swedish-auto.com\/?s={search_term_string}"},"query-input":{"@type":"PropertyValueSpecification","valueRequired":true,"valueName":"search_term_string"}}],"inLanguage":"fr-FR"},{"@type":"Organization","@id":"https:\/\/swedish-auto.com\/#organization","name":"Swedish Auto Center","url":"https:\/\/swedish-auto.com\/","logo":{"@type":"ImageObject","inLanguage":"fr-FR","@id":"https:\/\/swedish-auto.com\/#\/schema\/logo\/image\/","url":"https:\/\/swedish-auto.com\/wp-content\/uploads\/2017\/10\/footer-logo.png","contentUrl":"https:\/\/swedish-auto.com\/wp-content\/uploads\/2017\/10\/footer-logo.png","width":91,"height":85,"caption":"Swedish Auto Center"},"image":{"@id":"https:\/\/swedish-auto.com\/#\/schema\/logo\/image\/"},"sameAs":["https:\/\/www.facebook.com\/swedishautocentre\/"]}]}},"_links":{"self":[{"href":"https:\/\/swedish-auto.com\/fr\/wp-json\/wp\/v2\/pages\/439","targetHints":{"allow":["GET"]}}],"collection":[{"href":"https:\/\/swedish-auto.com\/fr\/wp-json\/wp\/v2\/pages"}],"about":[{"href":"https:\/\/swedish-auto.com\/fr\/wp-json\/wp\/v2\/types\/page"}],"author":[{"embeddable":true,"href":"https:\/\/swedish-auto.com\/fr\/wp-json\/wp\/v2\/users\/4"}],"replies":[{"embeddable":true,"href":"https:\/\/swedish-auto.com\/fr\/wp-json\/wp\/v2\/comments?post=439"}],"version-history":[{"count":5,"href":"https:\/\/swedish-auto.com\/fr\/wp-json\/wp\/v2\/pages\/439\/revisions"}],"predecessor-version":[{"id":663,"href":"https:\/\/swedish-auto.com\/fr\/wp-json\/wp\/v2\/pages\/439\/revisions\/663"}],"wp:attachment":[{"href":"https:\/\/swedish-auto.com\/fr\/wp-json\/wp\/v2\/media?parent=439"}],"curies":[{"name":"wp","href":"https:\/\/api.w.org\/{rel}","templated":true}]}}