{"id":510,"date":"2017-09-25T13:14:10","date_gmt":"2017-09-25T13:14:10","guid":{"rendered":"https:\/\/swedish-auto.com\/about\/"},"modified":"2018-03-27T16:16:32","modified_gmt":"2018-03-27T16:16:32","slug":"about","status":"publish","type":"page","link":"https:\/\/swedish-auto.com\/fr\/about\/","title":{"rendered":"\u00c0 propos de l&rsquo;\u00e9quipe Centre Auto Swedish"},"content":{"rendered":"<h2>\n\t\tSp\u00e9cialistes Volvo, Saab et Subaru<br \/>\n\t<\/h2>\n<p>Depuis 1973, Auto Swedish est une entreprise familiale qui vend, entretient et restaure des v\u00e9hicules de marques Volvo, Saab et, nouvellement, Subaru. Nous sommes fiers d\u2019\u00eatre des sp\u00e9cialistes de ces marques automobiles et sommes pr\u00eats \u00e0 g\u00e9rer l\u2019entretien et les r\u00e9parations de votre voiture.<\/p>\n<p>&nbsp;<\/p>\n<blockquote>\n<p style=\"text-align: left;\"><strong>D\u00e8s que vous arrivez au garage, nous ne vous offrirons rien de moins qu\u2019un service honn\u00eate et de qualit\u00e9 sup\u00e9rieure.<\/strong><\/p>\n<\/blockquote>\n<p> Notre \u00e9quipe et personnel exp\u00e9riment\u00e9s vous offrent un service personnalis\u00e9 et un travail de qualit\u00e9 pour mieux r\u00e9pondre \u00e0 vos besoins. Nos techniciens savent ce qu\u2019il faut pour maintenir ou am\u00e9liorer la performance de votre Volvo que ce soit un nouveau mod\u00e8le ou un plus ancien comme le S70. Nous nous occupons \u00e9galement des accidents impr\u00e9vus en offrant des services de carrosserie et de peinture. Les v\u00e9hicules Volvo, Saab et Subaru sont des v\u00e9hicules de qualit\u00e9 n\u00e9cessitant tout de m\u00eame un entretien et des services r\u00e9guliers tels que recommand\u00e9s par le fabricant. Nous souhaitons vous aider \u00e0 garder votre v\u00e9hicule en bonne condition le plus longtemps possible.<\/p>\n<p style=\"text-align: center;\"><em><strong>Vous \u00eates invit\u00e9s \u00e0 vous joindre \u00e0 notre famille!<\/strong><\/em><\/p>\n<p>\t\t\t\t<img decoding=\"async\" src=\"https:\/\/swedish-auto.com\/wp-content\/uploads\/2017\/09\/car2.gif\" alt=\"car2\" itemprop=\"image\"  \/><\/p>\n\t<div class=\"three_items\">\n\t\t\t<div id=\"widget_sp_image-5\" class=\"widget-container widget_sp_image\"><h4 class=\"widget-title\">PRENEZ RENDEZ-VOUS<\/h4><a href=\"https:\/\/swedish-auto.com\/fr\/contact\/\" target=\"_self\" class=\"widget_sp_image-image-link\" title=\"PRENEZ RENDEZ-VOUS\"><img loading=\"lazy\" decoding=\"async\" width=\"46\" height=\"46\" alt=\"PRENEZ RENDEZ-VOUS\" class=\"attachment-full\" style=\"max-width: 100%;\" src=\"https:\/\/swedish-auto.com\/wp-content\/uploads\/2017\/10\/calendar.png\" \/><\/a><\/div><div id=\"widget_sp_image-6\" class=\"widget-container widget_sp_image\"><h4 class=\"widget-title\">LAISSEZ SWEDISH TROUVER VOTRE PROCHAINE VOITURE!<\/h4><a href=\"https:\/\/swedish-auto.com\/fr\/let-swedish-find-you-your-next-car\/\" target=\"_self\" class=\"widget_sp_image-image-link\" title=\"LAISSEZ SWEDISH TROUVER VOTRE PROCHAINE VOITURE!\"><img loading=\"lazy\" decoding=\"async\" width=\"46\" height=\"46\" alt=\"LAISSEZ SWEDISH TROUVER VOTRE PROCHAINE VOITURE!\" class=\"attachment-full\" style=\"max-width: 100%;\" src=\"https:\/\/swedish-auto.com\/wp-content\/uploads\/2017\/10\/i.png\" \/><\/a><\/div><div id=\"widget_sp_image-7\" class=\"widget-container widget_sp_image\"><h4 class=\"widget-title\">QUELLE EST LA VALEUR DE VOTRE V\u00c9HICULE?<\/h4><a href=\"https:\/\/swedish-auto.com\/fr\/how-much-is-your-car-worth\/\" target=\"_self\" class=\"widget_sp_image-image-link\" title=\"QUELLE EST LA VALEUR DE VOTRE V\u00c9HICULE?\"><img loading=\"lazy\" decoding=\"async\" width=\"46\" height=\"46\" alt=\"QUELLE EST LA VALEUR DE VOTRE V\u00c9HICULE?\" class=\"attachment-full\" style=\"max-width: 100%;\" src=\"https:\/\/swedish-auto.com\/wp-content\/uploads\/2017\/10\/dollar.png\" \/><\/a><\/div>\t<\/div>\n\t\n<h2>Customer, Volvo Owner<\/h2>\n<p style=\"text-align: center;\">Donec facilisis velit eust. Phasellus cons quat. Aenean vitae quam. Vivamus et nunc. Nunc consequsem velde metus imperdiet lacinia. Nam rutrum congue diam. Vestibulum acda risus eros auctor egestas. Morbids sem magna, viverra quis sollicitudin quis consectetuer quis nec magna.<\/p>\n<h2>Donec facilisis velit eust.<\/h2>\n<p style=\"text-align: center;\">Donec facilisis velit eust. Phasellus cons quat. Aenean vitae quam. Vivamus et nunc. Nunc consequsem velde metus imperdiet lacinia. Nam rutrum congue diam. Vestibulum acda risus eros auctor egestas. Morbids sem magna, viverra quis sollicitudin quis consectetuer quis nec magna.<\/p>\n<p>Vivamus et nunc. Nunc consequsem velde metus imperdiet lacinia. Nam rutrum congue diam. Vestibulum acda risus eros auctor egestas. Morbids sem magna, viverra quis sollicitudin quis consectetuer quis nec magna.<\/p>\n<p>\t\t\t\t<a href=\"#\" aria-label=\"previous\" aria-role=\"button\"><svg version=\"1.1\" xmlns=\"http:\/\/www.w3.org\/2000\/svg\" xmlns:xlink=\"http:\/\/www.w3.org\/1999\/xlink\" viewBox=\"0 0 512 512\">\n<path d=\"M398.572,104.287L246.857,256.001l151.715,151.714c3.617,3.618,5.428,7.904,5.428,12.856c0,4.953-1.811,9.238-5.428,12.857 l-47.428,47.428c-3.619,3.619-7.904,5.428-12.857,5.428s-9.238-1.809-12.857-5.428l-212-212c-3.619-3.618-5.428-7.904-5.428-12.856 c0-4.953,1.81-9.238,5.428-12.857l212-212c3.619-3.618,7.904-5.428,12.857-5.428s9.238,1.81,12.857,5.428l47.428,47.429 C402.189,82.19,404,86.476,404,91.428c0,4.953-1.811,9.238-5.428,12.857V104.287z\"\/>\n<\/svg><br \/>\n<\/a><br \/>\n\t\t\t\t<a href=\"#\" aria-label=\"next\" aria-role=\"button\"><svg version=\"1.1\" xmlns=\"http:\/\/www.w3.org\/2000\/svg\" xmlns:xlink=\"http:\/\/www.w3.org\/1999\/xlink\" viewBox=\"0 0 512 512\">\n<path d=\"M113.428,407.713l151.715-151.714L113.428,104.285c-3.617-3.618-5.428-7.904-5.428-12.856c0-4.953,1.811-9.238,5.428-12.857 l47.428-47.428c3.619-3.619,7.904-5.428,12.857-5.428s9.238,1.809,12.857,5.428l212,212c3.619,3.618,5.429,7.904,5.429,12.856 c0,4.953-1.81,9.238-5.429,12.857l-212,212c-3.619,3.618-7.904,5.428-12.857,5.428s-9.238-1.81-12.857-5.428l-47.428-47.429 c-3.617-3.618-5.428-7.904-5.428-12.856c0-4.953,1.811-9.238,5.428-12.857V407.713z\"\/>\n<\/svg><br \/>\n<\/a><\/p>\n","protected":false},"excerpt":{"rendered":"<p>Sp\u00e9cialistes Volvo, Saab et Subaru Depuis 1973, Auto Swedish est une entreprise familiale qui vend, entretient et restaure des v\u00e9hicules de marques Volvo, Saab et, nouvellement, Subaru. Nous sommes fiers d\u2019\u00eatre des sp\u00e9cialistes de ces marques automobiles et sommes pr\u00eats \u00e0 g\u00e9rer l\u2019entretien et les r\u00e9parations de votre voiture. &nbsp; D\u00e8s que vous arrivez au garage, nous ne vous offrirons rien de moins qu\u2019un service honn\u00eate et de qualit\u00e9 sup\u00e9rieure&#8230;. <a href=\"https:\/\/swedish-auto.com\/fr\/about\/\" class=\"more-link\" >Lire la suite &raquo;<\/a><\/p>\n","protected":false},"author":4,"featured_media":0,"parent":0,"menu_order":0,"comment_status":"closed","ping_status":"closed","template":"about.php","meta":{"_acf_changed":false,"footnotes":""},"class_list":["post-510","page","type-page","status-publish","hentry"],"acf":[],"yoast_head":"<!-- This site is optimized with the Yoast SEO plugin v23.9 - https:\/\/yoast.com\/wordpress\/plugins\/seo\/ -->\n<title>\u00c0 propos de l&#039;\u00e9quipe Centre Auto Swedish | Swedish Auto Center<\/title>\n<meta name=\"description\" content=\"Chez Centre d&#039;Auto Swedish, nous sommes fiers de notre expertise dans les autos de marque Volvo, Saab et Subaru.\" \/>\n<meta name=\"robots\" content=\"index, follow, max-snippet:-1, max-image-preview:large, max-video-preview:-1\" \/>\n<link rel=\"canonical\" href=\"https:\/\/swedish-auto.com\/fr\/about\/\" \/>\n<meta property=\"og:locale\" content=\"fr_FR\" \/>\n<meta property=\"og:type\" content=\"article\" \/>\n<meta property=\"og:title\" content=\"\u00c0 propos de l&#039;\u00e9quipe Centre Auto Swedish | Swedish Auto Center\" \/>\n<meta property=\"og:description\" content=\"Chez Centre d&#039;Auto Swedish, nous sommes fiers de notre expertise dans les autos de marque Volvo, Saab et Subaru.\" \/>\n<meta property=\"og:url\" content=\"https:\/\/swedish-auto.com\/fr\/about\/\" \/>\n<meta property=\"og:site_name\" content=\"Swedish Auto Center\" \/>\n<meta property=\"article:publisher\" content=\"https:\/\/www.facebook.com\/swedishautocentre\/\" \/>\n<meta property=\"article:modified_time\" content=\"2018-03-27T16:16:32+00:00\" \/>\n<meta property=\"og:image\" content=\"https:\/\/swedish-auto.com\/wp-content\/uploads\/2017\/09\/car2.gif\" \/>\n<meta name=\"twitter:card\" content=\"summary_large_image\" \/>\n<meta name=\"twitter:label1\" content=\"Dur\u00e9e de lecture estim\u00e9e\" \/>\n\t<meta name=\"twitter:data1\" content=\"2 minutes\" \/>\n<script type=\"application\/ld+json\" class=\"yoast-schema-graph\">{\"@context\":\"https:\/\/schema.org\",\"@graph\":[{\"@type\":\"WebPage\",\"@id\":\"https:\/\/swedish-auto.com\/fr\/about\/\",\"url\":\"https:\/\/swedish-auto.com\/fr\/about\/\",\"name\":\"\u00c0 propos de l'\u00e9quipe Centre Auto Swedish | Swedish Auto Center\",\"isPartOf\":{\"@id\":\"https:\/\/swedish-auto.com\/#website\"},\"primaryImageOfPage\":{\"@id\":\"https:\/\/swedish-auto.com\/fr\/about\/#primaryimage\"},\"image\":{\"@id\":\"https:\/\/swedish-auto.com\/fr\/about\/#primaryimage\"},\"thumbnailUrl\":\"https:\/\/swedish-auto.com\/wp-content\/uploads\/2017\/09\/car2.gif\",\"datePublished\":\"2017-09-25T13:14:10+00:00\",\"dateModified\":\"2018-03-27T16:16:32+00:00\",\"description\":\"Chez Centre d'Auto Swedish, nous sommes fiers de notre expertise dans les autos de marque Volvo, Saab et Subaru.\",\"breadcrumb\":{\"@id\":\"https:\/\/swedish-auto.com\/fr\/about\/#breadcrumb\"},\"inLanguage\":\"fr-FR\",\"potentialAction\":[{\"@type\":\"ReadAction\",\"target\":[\"https:\/\/swedish-auto.com\/fr\/about\/\"]}]},{\"@type\":\"ImageObject\",\"inLanguage\":\"fr-FR\",\"@id\":\"https:\/\/swedish-auto.com\/fr\/about\/#primaryimage\",\"url\":\"https:\/\/swedish-auto.com\/wp-content\/uploads\/2017\/09\/car2.gif\",\"contentUrl\":\"https:\/\/swedish-auto.com\/wp-content\/uploads\/2017\/09\/car2.gif\"},{\"@type\":\"BreadcrumbList\",\"@id\":\"https:\/\/swedish-auto.com\/fr\/about\/#breadcrumb\",\"itemListElement\":[{\"@type\":\"ListItem\",\"position\":1,\"name\":\"Home\",\"item\":\"https:\/\/swedish-auto.com\/fr\/\"},{\"@type\":\"ListItem\",\"position\":2,\"name\":\"\u00c0 propos de l&rsquo;\u00e9quipe Centre Auto Swedish\"}]},{\"@type\":\"WebSite\",\"@id\":\"https:\/\/swedish-auto.com\/#website\",\"url\":\"https:\/\/swedish-auto.com\/\",\"name\":\"Swedish Auto Center\",\"description\":\"Specialist of Volvo, Saab and Subaru cars.\",\"publisher\":{\"@id\":\"https:\/\/swedish-auto.com\/#organization\"},\"potentialAction\":[{\"@type\":\"SearchAction\",\"target\":{\"@type\":\"EntryPoint\",\"urlTemplate\":\"https:\/\/swedish-auto.com\/?s={search_term_string}\"},\"query-input\":{\"@type\":\"PropertyValueSpecification\",\"valueRequired\":true,\"valueName\":\"search_term_string\"}}],\"inLanguage\":\"fr-FR\"},{\"@type\":\"Organization\",\"@id\":\"https:\/\/swedish-auto.com\/#organization\",\"name\":\"Swedish Auto Center\",\"url\":\"https:\/\/swedish-auto.com\/\",\"logo\":{\"@type\":\"ImageObject\",\"inLanguage\":\"fr-FR\",\"@id\":\"https:\/\/swedish-auto.com\/#\/schema\/logo\/image\/\",\"url\":\"https:\/\/swedish-auto.com\/wp-content\/uploads\/2017\/10\/footer-logo.png\",\"contentUrl\":\"https:\/\/swedish-auto.com\/wp-content\/uploads\/2017\/10\/footer-logo.png\",\"width\":91,\"height\":85,\"caption\":\"Swedish Auto Center\"},\"image\":{\"@id\":\"https:\/\/swedish-auto.com\/#\/schema\/logo\/image\/\"},\"sameAs\":[\"https:\/\/www.facebook.com\/swedishautocentre\/\"]}]}<\/script>\n<!-- \/ Yoast SEO plugin. -->","yoast_head_json":{"title":"\u00c0 propos de l'\u00e9quipe Centre Auto Swedish | Swedish Auto Center","description":"Chez Centre d'Auto Swedish, nous sommes fiers de notre expertise dans les autos de marque Volvo, Saab et Subaru.","robots":{"index":"index","follow":"follow","max-snippet":"max-snippet:-1","max-image-preview":"max-image-preview:large","max-video-preview":"max-video-preview:-1"},"canonical":"https:\/\/swedish-auto.com\/fr\/about\/","og_locale":"fr_FR","og_type":"article","og_title":"\u00c0 propos de l'\u00e9quipe Centre Auto Swedish | Swedish Auto Center","og_description":"Chez Centre d'Auto Swedish, nous sommes fiers de notre expertise dans les autos de marque Volvo, Saab et Subaru.","og_url":"https:\/\/swedish-auto.com\/fr\/about\/","og_site_name":"Swedish Auto Center","article_publisher":"https:\/\/www.facebook.com\/swedishautocentre\/","article_modified_time":"2018-03-27T16:16:32+00:00","og_image":[{"url":"https:\/\/swedish-auto.com\/wp-content\/uploads\/2017\/09\/car2.gif"}],"twitter_card":"summary_large_image","twitter_misc":{"Dur\u00e9e de lecture estim\u00e9e":"2 minutes"},"schema":{"@context":"https:\/\/schema.org","@graph":[{"@type":"WebPage","@id":"https:\/\/swedish-auto.com\/fr\/about\/","url":"https:\/\/swedish-auto.com\/fr\/about\/","name":"\u00c0 propos de l'\u00e9quipe Centre Auto Swedish | Swedish Auto Center","isPartOf":{"@id":"https:\/\/swedish-auto.com\/#website"},"primaryImageOfPage":{"@id":"https:\/\/swedish-auto.com\/fr\/about\/#primaryimage"},"image":{"@id":"https:\/\/swedish-auto.com\/fr\/about\/#primaryimage"},"thumbnailUrl":"https:\/\/swedish-auto.com\/wp-content\/uploads\/2017\/09\/car2.gif","datePublished":"2017-09-25T13:14:10+00:00","dateModified":"2018-03-27T16:16:32+00:00","description":"Chez Centre d'Auto Swedish, nous sommes fiers de notre expertise dans les autos de marque Volvo, Saab et Subaru.","breadcrumb":{"@id":"https:\/\/swedish-auto.com\/fr\/about\/#breadcrumb"},"inLanguage":"fr-FR","potentialAction":[{"@type":"ReadAction","target":["https:\/\/swedish-auto.com\/fr\/about\/"]}]},{"@type":"ImageObject","inLanguage":"fr-FR","@id":"https:\/\/swedish-auto.com\/fr\/about\/#primaryimage","url":"https:\/\/swedish-auto.com\/wp-content\/uploads\/2017\/09\/car2.gif","contentUrl":"https:\/\/swedish-auto.com\/wp-content\/uploads\/2017\/09\/car2.gif"},{"@type":"BreadcrumbList","@id":"https:\/\/swedish-auto.com\/fr\/about\/#breadcrumb","itemListElement":[{"@type":"ListItem","position":1,"name":"Home","item":"https:\/\/swedish-auto.com\/fr\/"},{"@type":"ListItem","position":2,"name":"\u00c0 propos de l&rsquo;\u00e9quipe Centre Auto Swedish"}]},{"@type":"WebSite","@id":"https:\/\/swedish-auto.com\/#website","url":"https:\/\/swedish-auto.com\/","name":"Swedish Auto Center","description":"Specialist of Volvo, Saab and Subaru cars.","publisher":{"@id":"https:\/\/swedish-auto.com\/#organization"},"potentialAction":[{"@type":"SearchAction","target":{"@type":"EntryPoint","urlTemplate":"https:\/\/swedish-auto.com\/?s={search_term_string}"},"query-input":{"@type":"PropertyValueSpecification","valueRequired":true,"valueName":"search_term_string"}}],"inLanguage":"fr-FR"},{"@type":"Organization","@id":"https:\/\/swedish-auto.com\/#organization","name":"Swedish Auto Center","url":"https:\/\/swedish-auto.com\/","logo":{"@type":"ImageObject","inLanguage":"fr-FR","@id":"https:\/\/swedish-auto.com\/#\/schema\/logo\/image\/","url":"https:\/\/swedish-auto.com\/wp-content\/uploads\/2017\/10\/footer-logo.png","contentUrl":"https:\/\/swedish-auto.com\/wp-content\/uploads\/2017\/10\/footer-logo.png","width":91,"height":85,"caption":"Swedish Auto Center"},"image":{"@id":"https:\/\/swedish-auto.com\/#\/schema\/logo\/image\/"},"sameAs":["https:\/\/www.facebook.com\/swedishautocentre\/"]}]}},"_links":{"self":[{"href":"https:\/\/swedish-auto.com\/fr\/wp-json\/wp\/v2\/pages\/510","targetHints":{"allow":["GET"]}}],"collection":[{"href":"https:\/\/swedish-auto.com\/fr\/wp-json\/wp\/v2\/pages"}],"about":[{"href":"https:\/\/swedish-auto.com\/fr\/wp-json\/wp\/v2\/types\/page"}],"author":[{"embeddable":true,"href":"https:\/\/swedish-auto.com\/fr\/wp-json\/wp\/v2\/users\/4"}],"replies":[{"embeddable":true,"href":"https:\/\/swedish-auto.com\/fr\/wp-json\/wp\/v2\/comments?post=510"}],"version-history":[{"count":6,"href":"https:\/\/swedish-auto.com\/fr\/wp-json\/wp\/v2\/pages\/510\/revisions"}],"predecessor-version":[{"id":892,"href":"https:\/\/swedish-auto.com\/fr\/wp-json\/wp\/v2\/pages\/510\/revisions\/892"}],"wp:attachment":[{"href":"https:\/\/swedish-auto.com\/fr\/wp-json\/wp\/v2\/media?parent=510"}],"curies":[{"name":"wp","href":"https:\/\/api.w.org\/{rel}","templated":true}]}}