{"id":522,"date":"2017-10-19T10:55:07","date_gmt":"2017-10-19T10:55:07","guid":{"rendered":"https:\/\/swedish-auto.com\/services\/tires-alignment\/"},"modified":"2018-03-27T15:23:38","modified_gmt":"2018-03-27T15:23:38","slug":"tires-alignment","status":"publish","type":"page","link":"https:\/\/swedish-auto.com\/fr\/services\/tires-alignment\/","title":{"rendered":"PNEUS \/ ALIGNEMENT"},"content":{"rendered":"<h2>Pneus<\/h2>\n<p>&nbsp;<\/p>\n<p>Nos techniciens inspecteront, feront une rotation et \u00e9quilibreront vos pneus. S\u2019il est temps de les remplacer, nous d\u00e9terminerons la taille et la sorte de pneus adapt\u00e9es \u00e0 vos besoins selon votre v\u00e9hicule et votre conduite. Finalement, nous nous assurerons que vos nouveaux pneus soient correctement install\u00e9s.<\/p>\n<p>Nous recommandons les meilleurs pneus pour votre voiture, hiver comme \u00e9t\u00e9. Nous faisons l\u2019installation des pneus d\u2019hiver pour assurer un maximum de s\u00e9curit\u00e9 et de plaisir lors de votre conduite hivernale. Nous offrons \u00e9galement un entreposage saisonnier pour vos pneus et jantes.<\/p>\n<p>&nbsp;<\/p>\n<h2>Alignement<\/h2>\n<p>&nbsp;<\/p>\n<p>Il suffit de peu pour d\u00e9saligner un v\u00e9hicule\u00a0; les nids-de-poule, les bordures de trottoirs et m\u00eame l\u2019usure normale peuvent endommager le syst\u00e8me de suspension et les composantes de direction de votre v\u00e9hicule. Lorsque cela se produit, vos pneus, votre v\u00e9hicule et vos mains sur le volant le sentiront rapidement.<\/p>\n<p>L\u2019alignement joue un r\u00f4le essentiel dans la performance de votre v\u00e9hicule de trois fa\u00e7ons principales\u00a0:<\/p>\n<p>&nbsp;<\/p>\n<ol>\n<li>Vie et \u00e9conomie des pneus<\/li>\n<li>S\u00e9curit\u00e9<\/li>\n<li>Confort<\/li>\n<\/ol>\n<p><img loading=\"lazy\" decoding=\"async\" src=\"http:\/\/www.snaponequipment.com\/common\/images\/john-bean\/products\/wheel-aligners\/v3300\/eewa552b.jpg\" alt=\"Image result for john bean v3300\" width=\"364\" height=\"341\" \/><\/p>\n<h2>\n\t\tSERVICES ADDITIONNELS<br \/>\n\t<\/h2>\n<p>Voitures de courtoisie, voitures de location et transport de courte distance jusqu\u2019au m\u00e9tro.<\/p>\n<ul>\n<li>R\u00e9parations sous garantie prolong\u00e9e<\/li>\n<li>Aire d\u2019attente confortable<\/li>\n<li>D\u00e9p\u00f4t de soir\u00e9e ou pour l\u00e8ve-t\u00f4t disponible<\/li>\n<li>Service de lavage de voiture (selon l\u2019heure et la m\u00e9t\u00e9o)<\/li>\n<li>Des accessoires, d\u00e9marreurs \u00e0 distance, attelages de remorque et teinture des vitres sont quelques-uns des services additionnels que nous offrons.<\/li>\n<\/ul>\n<h2>PRENEZ RENDEZ-VOUS<\/h2>\n<p>Remplissez le formulaire ci-dessous ou appelez nous au\u00a0<a href=\"tel:514-484-7834\">514-484-7834<\/a><\/p>\n<div class=\"frm_forms  with_frm_style frm_style_formidable-style\" id=\"frm_form_11_container\" >\n<form enctype=\"multipart\/form-data\" method=\"post\" class=\"frm-show-form single-service frm_pro_form \" id=\"form_wejtb\" >\n<div class=\"frm_form_fields \">\n<fieldset>\n<legend class=\"frm_hidden\">PRENDRE UN RENDEZ-VOUS<\/legend>\r\n\r\n<div class=\"frm_fields_container\">\n<input type=\"hidden\" name=\"frm_action\" value=\"create\" \/>\n<input type=\"hidden\" name=\"form_id\" value=\"11\" \/>\n<input type=\"hidden\" name=\"frm_hide_fields_11\" id=\"frm_hide_fields_11\" value=\"\" \/>\n<input type=\"hidden\" name=\"form_key\" value=\"wejtb\" \/>\n<input type=\"hidden\" name=\"item_meta[0]\" value=\"\" \/>\n<input type=\"hidden\" id=\"frm_submit_entry_11\" name=\"frm_submit_entry_11\" value=\"62e2c3e7ce\" \/><input type=\"hidden\" name=\"_wp_http_referer\" value=\"\/fr\/wp-json\/wp\/v2\/pages\/522\" \/><div id=\"frm_field_135_container\" class=\"frm_form_field form-field  frm_required_field frm_top_container frm_first frm_half\">\r\n    <label for=\"field_6hja\" class=\"frm_primary_label\">Single Line Text\r\n        <span class=\"frm_required\">*<\/span>\r\n    <\/label>\r\n    <input type=\"text\" id=\"field_6hja\" name=\"item_meta[135]\" value=\"\"  placeholder=\"FULL NAME\" data-reqmsg=\"CE CHAMP NE PEUX \u00caTRE VIDE\" aria-required=\"true\" data-invmsg=\"Single Line Text est non valide\" aria-invalid=\"false\"  \/>\r\n    \r\n    \r\n<\/div>\n<div id=\"frm_field_136_container\" class=\"frm_form_field form-field  frm_required_field frm_top_container frm_half\">\r\n    <label for=\"field_uy9ii\" class=\"frm_primary_label\">Single Line Text\r\n        <span class=\"frm_required\">*<\/span>\r\n    <\/label>\r\n    <input type=\"text\" id=\"field_uy9ii\" name=\"item_meta[136]\" value=\"\"  placeholder=\"PHONE NUMBER\" data-reqmsg=\"CE CHAMP NE PEUX \u00caTRE VIDE\" aria-required=\"true\" data-invmsg=\"Single Line Text est non valide\" aria-invalid=\"false\"  \/>\r\n    \r\n    \r\n<\/div>\n<div id=\"frm_field_137_container\" class=\"frm_form_field form-field  frm_required_field frm_top_container frm_first frm_half\">\r\n    <label for=\"field_hsr1\" class=\"frm_primary_label\">ADRESSE COURRIEL\r\n        <span class=\"frm_required\">*<\/span>\r\n    <\/label>\r\n    <input type=\"email\" id=\"field_hsr1\" name=\"item_meta[137]\" value=\"\"  placeholder=\"EMAIL\" data-reqmsg=\"CE CHAMP NE PEUX \u00caTRE VIDE\" aria-required=\"true\" data-invmsg=\"ADRESSE COURRIEL INVALIDE\" aria-invalid=\"false\"  \/>\r\n    \r\n    \r\n<\/div>\n<div id=\"frm_field_138_container\" class=\"frm_form_field form-field  frm_top_container frm_half\">\r\n    <label for=\"field_3bpyc\" class=\"frm_primary_label\">Dropdown\r\n        <span class=\"frm_required\"><\/span>\r\n    <\/label>\r\n    \t\t<select name=\"item_meta[138]\" id=\"field_3bpyc\"  data-frmval=\"PREFERED CONTACT METHOD\" data-invmsg=\"Dropdown est non valide\" aria-invalid=\"false\"  >\n\t\t<option  value=\"PREFERED CONTACT METHOD\" selected='selected'>M\u00c9THODE DE CONTACT<\/option><option  value=\"Phone\">Par T\u00e9l\u00e9phone<\/option><option  value=\"E-Mail\">Par Courriel<\/option>\t<\/select>\n\t\r\n    \r\n    \r\n<\/div>\n<div id=\"frm_field_139_container\" class=\"frm_form_field form-field  frm_top_container frm_first frm_half\">\r\n    <label for=\"field_v0b4\" class=\"frm_primary_label\">Date\r\n        <span class=\"frm_required\"><\/span>\r\n    <\/label>\r\n    <input type=\"text\" id=\"field_v0b4\" name=\"item_meta[139]\" value=\"\"  maxlength=\"10\" placeholder=\"APPOINTMENT DATE\" data-invmsg=\"DATE INVALIDE\" class=\"frm_date\" aria-invalid=\"false\"  \/>\r\n    \r\n    \r\n<\/div>\n<div id=\"frm_field_140_container\" class=\"frm_form_field form-field  frm_top_container frm_fourth\">\r\n    <label for=\"field_qg3tm\" class=\"frm_primary_label\">Dropdown\r\n        <span class=\"frm_required\"><\/span>\r\n    <\/label>\r\n    \t\t<select name=\"item_meta[140]\" id=\"field_qg3tm\"  data-frmval=\"HOUR\" data-invmsg=\"Dropdown est non valide\" aria-invalid=\"false\"  >\n\t\t<option  value=\"HOUR\" selected='selected'>HEURE<\/option><option  value=\"1:00\">1:00<\/option><option  value=\"1:30\">1:30<\/option><option  value=\"2:00\">2:00<\/option><option  value=\"2:30\">2:30<\/option><option  value=\"3:00\">3:00<\/option><option  value=\"3:30\">3:30<\/option><option  value=\"4:00\">4:00<\/option><option  value=\"4:30\">4:30<\/option><option  value=\"5:00\">5:00<\/option><option  value=\"5:30\">5:30<\/option><option  value=\"6:00\">6:00<\/option><option  value=\"6:30\">6:30<\/option><option  value=\"7:00\">7:00<\/option><option  value=\"7:30\">7:30<\/option><option  value=\"8:00\">8:00<\/option><option  value=\"8:30\">8:30<\/option><option  value=\"9:00\">9:00<\/option><option  value=\"9:30\">9:30<\/option><option  value=\"10:00\">10:00<\/option><option  value=\"10:30\">10:30<\/option><option  value=\"11:00\">11:00<\/option><option  value=\"11:30\">11:30<\/option><option  value=\"12:00\">12:00<\/option><option  value=\"12:30\">12:30<\/option>\t<\/select>\n\t\r\n    \r\n    \r\n<\/div>\n<div id=\"frm_field_141_container\" class=\"frm_form_field form-field  frm_top_container frm_fourth\">\r\n    <label for=\"field_ldf5x\" class=\"frm_primary_label\">Dropdown\r\n        <span class=\"frm_required\"><\/span>\r\n    <\/label>\r\n    \t\t<select name=\"item_meta[141]\" id=\"field_ldf5x\"  data-frmval=\"AM\" data-invmsg=\"Dropdown est non valide\" aria-invalid=\"false\"  >\n\t\t<option  value=\"AM\" selected='selected'>AM<\/option><option  value=\"PM\">PM<\/option>\t<\/select>\n\t\r\n    \r\n    \r\n<\/div>\n<div id=\"frm_field_142_container\" class=\"frm_form_field form-field  frm_top_container frm_full\">\r\n    <label for=\"field_vbmrn\" class=\"frm_primary_label\">Single Line Text\r\n        <span class=\"frm_required\"><\/span>\r\n    <\/label>\r\n    <input type=\"text\" id=\"field_vbmrn\" name=\"item_meta[142]\" value=\"\"  placeholder=\"CAR MODEL\" data-invmsg=\"Single Line Text est non valide\" aria-invalid=\"false\"  \/>\r\n    \r\n    \r\n<\/div>\n<div id=\"frm_field_143_container\" class=\"frm_form_field form-field  frm_top_container frm_full\">\r\n    <label for=\"field_3uff9\" class=\"frm_primary_label\">Paragraph Text\r\n        <span class=\"frm_required\"><\/span>\r\n    <\/label>\r\n    <textarea name=\"item_meta[143]\" id=\"field_3uff9\" rows=\"5\"  placeholder=\"DESCRIBE THE SERVICE REQUESTED\" data-invmsg=\"Paragraph Text est non valide\" aria-invalid=\"false\"  ><\/textarea>\r\n    \r\n    \r\n<\/div>\n<input type=\"hidden\" name=\"item_meta[144]\" id=\"field_i2dfz\" value=\"\/fr\/wp-json\/wp\/v2\/pages\/522\"  data-frmval=\"\/fr\/wp-json\/wp\/v2\/pages\/522\"   \/>\n<input type=\"hidden\" name=\"item_meta[148]\" id=\"field_y6d68\" value=\"fr\"  data-frmval=\"fr\"   \/>\n\t<input type=\"hidden\" name=\"item_key\" value=\"\" \/>\n\t<div id=\"frm_field_hnypt\" class=\"form-field  frm_top_container\" style=\"display: none;\">Please leave this blank<label class=\"frm_primary_label\"><\/label><input type=\"text\" name=\"firstname_hnypt\" id=\"firstname_hnypt\" value=\"\" \/><\/div><input name=\"frm_state\" type=\"hidden\" value=\"vei3Q2hAGLMJTKmJDoz0ozd2KUCv7ef4m51WxSvsdC4=\" \/><div class=\"frm_submit\">\r\n\r\n<button class=\"frm_button_submit frm_final_submit\" type=\"submit\"   formnovalidate=\"formnovalidate\">SOUMETTRE<\/button>\r\n\r\n<\/div><\/div>\n<\/fieldset>\n<\/div>\n\n<\/form>\n<\/div>\n\n<h2>\n\t\tAUTRES SERVICES<br \/>\n\t<\/h2>\n","protected":false},"excerpt":{"rendered":"<p>Pneus &nbsp; Nos techniciens inspecteront, feront une rotation et \u00e9quilibreront vos pneus. S\u2019il est temps de les remplacer, nous d\u00e9terminerons la taille et la sorte de pneus adapt\u00e9es \u00e0 vos besoins selon votre v\u00e9hicule et votre conduite. Finalement, nous nous assurerons que vos nouveaux pneus soient correctement install\u00e9s. Nous recommandons les meilleurs pneus pour votre voiture, hiver comme \u00e9t\u00e9. Nous faisons l\u2019installation des pneus d\u2019hiver pour assurer un maximum de&#8230; <a href=\"https:\/\/swedish-auto.com\/fr\/services\/tires-alignment\/\" class=\"more-link\" >Lire la suite &raquo;<\/a><\/p>\n","protected":false},"author":4,"featured_media":519,"parent":439,"menu_order":0,"comment_status":"closed","ping_status":"closed","template":"","meta":{"_acf_changed":false,"footnotes":""},"class_list":["post-522","page","type-page","status-publish","has-post-thumbnail","hentry"],"acf":[],"yoast_head":"<!-- This site is optimized with the Yoast SEO plugin v23.9 - https:\/\/yoast.com\/wordpress\/plugins\/seo\/ -->\n<title>PNEUS \/ ALIGNEMENT | Swedish Auto Center<\/title>\n<meta name=\"description\" content=\"Nos techniciens inspecterons, tournerons et \u00e9quilibrerons vos pneus. Prenez rendez-vous aujourd&#039;hui.\" \/>\n<meta name=\"robots\" content=\"index, follow, max-snippet:-1, max-image-preview:large, max-video-preview:-1\" \/>\n<link rel=\"canonical\" href=\"https:\/\/swedish-auto.com\/fr\/services\/tires-alignment\/\" \/>\n<meta property=\"og:locale\" content=\"fr_FR\" \/>\n<meta property=\"og:type\" content=\"article\" \/>\n<meta property=\"og:title\" content=\"PNEUS \/ ALIGNEMENT | Swedish Auto Center\" \/>\n<meta property=\"og:description\" content=\"Nos techniciens inspecterons, tournerons et \u00e9quilibrerons vos pneus. Prenez rendez-vous aujourd&#039;hui.\" \/>\n<meta property=\"og:url\" content=\"https:\/\/swedish-auto.com\/fr\/services\/tires-alignment\/\" \/>\n<meta property=\"og:site_name\" content=\"Swedish Auto Center\" \/>\n<meta property=\"article:publisher\" content=\"https:\/\/www.facebook.com\/swedishautocentre\/\" \/>\n<meta property=\"article:modified_time\" content=\"2018-03-27T15:23:38+00:00\" \/>\n<meta property=\"og:image\" content=\"https:\/\/swedish-auto.com\/wp-content\/uploads\/2017\/10\/wrapper.jpg\" \/>\n\t<meta property=\"og:image:width\" content=\"1600\" \/>\n\t<meta property=\"og:image:height\" content=\"1059\" \/>\n\t<meta property=\"og:image:type\" content=\"image\/jpeg\" \/>\n<meta name=\"twitter:card\" content=\"summary_large_image\" \/>\n<meta name=\"twitter:label1\" content=\"Dur\u00e9e de lecture estim\u00e9e\" \/>\n\t<meta name=\"twitter:data1\" content=\"1 minute\" \/>\n<script type=\"application\/ld+json\" class=\"yoast-schema-graph\">{\"@context\":\"https:\/\/schema.org\",\"@graph\":[{\"@type\":\"WebPage\",\"@id\":\"https:\/\/swedish-auto.com\/fr\/services\/tires-alignment\/\",\"url\":\"https:\/\/swedish-auto.com\/fr\/services\/tires-alignment\/\",\"name\":\"PNEUS \/ ALIGNEMENT | Swedish Auto Center\",\"isPartOf\":{\"@id\":\"https:\/\/swedish-auto.com\/#website\"},\"primaryImageOfPage\":{\"@id\":\"https:\/\/swedish-auto.com\/fr\/services\/tires-alignment\/#primaryimage\"},\"image\":{\"@id\":\"https:\/\/swedish-auto.com\/fr\/services\/tires-alignment\/#primaryimage\"},\"thumbnailUrl\":\"https:\/\/swedish-auto.com\/wp-content\/uploads\/2017\/10\/wrapper.jpg\",\"datePublished\":\"2017-10-19T10:55:07+00:00\",\"dateModified\":\"2018-03-27T15:23:38+00:00\",\"description\":\"Nos techniciens inspecterons, tournerons et \u00e9quilibrerons vos pneus. Prenez rendez-vous aujourd'hui.\",\"breadcrumb\":{\"@id\":\"https:\/\/swedish-auto.com\/fr\/services\/tires-alignment\/#breadcrumb\"},\"inLanguage\":\"fr-FR\",\"potentialAction\":[{\"@type\":\"ReadAction\",\"target\":[\"https:\/\/swedish-auto.com\/fr\/services\/tires-alignment\/\"]}]},{\"@type\":\"ImageObject\",\"inLanguage\":\"fr-FR\",\"@id\":\"https:\/\/swedish-auto.com\/fr\/services\/tires-alignment\/#primaryimage\",\"url\":\"https:\/\/swedish-auto.com\/wp-content\/uploads\/2017\/10\/wrapper.jpg\",\"contentUrl\":\"https:\/\/swedish-auto.com\/wp-content\/uploads\/2017\/10\/wrapper.jpg\",\"width\":1600,\"height\":1059},{\"@type\":\"BreadcrumbList\",\"@id\":\"https:\/\/swedish-auto.com\/fr\/services\/tires-alignment\/#breadcrumb\",\"itemListElement\":[{\"@type\":\"ListItem\",\"position\":1,\"name\":\"Home\",\"item\":\"https:\/\/swedish-auto.com\/fr\/\"},{\"@type\":\"ListItem\",\"position\":2,\"name\":\"SERVICES\",\"item\":\"https:\/\/swedish-auto.com\/fr\/services\/\"},{\"@type\":\"ListItem\",\"position\":3,\"name\":\"PNEUS \/ ALIGNEMENT\"}]},{\"@type\":\"WebSite\",\"@id\":\"https:\/\/swedish-auto.com\/#website\",\"url\":\"https:\/\/swedish-auto.com\/\",\"name\":\"Swedish Auto Center\",\"description\":\"Specialist of Volvo, Saab and Subaru cars.\",\"publisher\":{\"@id\":\"https:\/\/swedish-auto.com\/#organization\"},\"potentialAction\":[{\"@type\":\"SearchAction\",\"target\":{\"@type\":\"EntryPoint\",\"urlTemplate\":\"https:\/\/swedish-auto.com\/?s={search_term_string}\"},\"query-input\":{\"@type\":\"PropertyValueSpecification\",\"valueRequired\":true,\"valueName\":\"search_term_string\"}}],\"inLanguage\":\"fr-FR\"},{\"@type\":\"Organization\",\"@id\":\"https:\/\/swedish-auto.com\/#organization\",\"name\":\"Swedish Auto Center\",\"url\":\"https:\/\/swedish-auto.com\/\",\"logo\":{\"@type\":\"ImageObject\",\"inLanguage\":\"fr-FR\",\"@id\":\"https:\/\/swedish-auto.com\/#\/schema\/logo\/image\/\",\"url\":\"https:\/\/swedish-auto.com\/wp-content\/uploads\/2017\/10\/footer-logo.png\",\"contentUrl\":\"https:\/\/swedish-auto.com\/wp-content\/uploads\/2017\/10\/footer-logo.png\",\"width\":91,\"height\":85,\"caption\":\"Swedish Auto Center\"},\"image\":{\"@id\":\"https:\/\/swedish-auto.com\/#\/schema\/logo\/image\/\"},\"sameAs\":[\"https:\/\/www.facebook.com\/swedishautocentre\/\"]}]}<\/script>\n<!-- \/ Yoast SEO plugin. -->","yoast_head_json":{"title":"PNEUS \/ ALIGNEMENT | Swedish Auto Center","description":"Nos techniciens inspecterons, tournerons et \u00e9quilibrerons vos pneus. Prenez rendez-vous aujourd'hui.","robots":{"index":"index","follow":"follow","max-snippet":"max-snippet:-1","max-image-preview":"max-image-preview:large","max-video-preview":"max-video-preview:-1"},"canonical":"https:\/\/swedish-auto.com\/fr\/services\/tires-alignment\/","og_locale":"fr_FR","og_type":"article","og_title":"PNEUS \/ ALIGNEMENT | Swedish Auto Center","og_description":"Nos techniciens inspecterons, tournerons et \u00e9quilibrerons vos pneus. Prenez rendez-vous aujourd'hui.","og_url":"https:\/\/swedish-auto.com\/fr\/services\/tires-alignment\/","og_site_name":"Swedish Auto Center","article_publisher":"https:\/\/www.facebook.com\/swedishautocentre\/","article_modified_time":"2018-03-27T15:23:38+00:00","og_image":[{"width":1600,"height":1059,"url":"https:\/\/swedish-auto.com\/wp-content\/uploads\/2017\/10\/wrapper.jpg","type":"image\/jpeg"}],"twitter_card":"summary_large_image","twitter_misc":{"Dur\u00e9e de lecture estim\u00e9e":"1 minute"},"schema":{"@context":"https:\/\/schema.org","@graph":[{"@type":"WebPage","@id":"https:\/\/swedish-auto.com\/fr\/services\/tires-alignment\/","url":"https:\/\/swedish-auto.com\/fr\/services\/tires-alignment\/","name":"PNEUS \/ ALIGNEMENT | Swedish Auto Center","isPartOf":{"@id":"https:\/\/swedish-auto.com\/#website"},"primaryImageOfPage":{"@id":"https:\/\/swedish-auto.com\/fr\/services\/tires-alignment\/#primaryimage"},"image":{"@id":"https:\/\/swedish-auto.com\/fr\/services\/tires-alignment\/#primaryimage"},"thumbnailUrl":"https:\/\/swedish-auto.com\/wp-content\/uploads\/2017\/10\/wrapper.jpg","datePublished":"2017-10-19T10:55:07+00:00","dateModified":"2018-03-27T15:23:38+00:00","description":"Nos techniciens inspecterons, tournerons et \u00e9quilibrerons vos pneus. Prenez rendez-vous aujourd'hui.","breadcrumb":{"@id":"https:\/\/swedish-auto.com\/fr\/services\/tires-alignment\/#breadcrumb"},"inLanguage":"fr-FR","potentialAction":[{"@type":"ReadAction","target":["https:\/\/swedish-auto.com\/fr\/services\/tires-alignment\/"]}]},{"@type":"ImageObject","inLanguage":"fr-FR","@id":"https:\/\/swedish-auto.com\/fr\/services\/tires-alignment\/#primaryimage","url":"https:\/\/swedish-auto.com\/wp-content\/uploads\/2017\/10\/wrapper.jpg","contentUrl":"https:\/\/swedish-auto.com\/wp-content\/uploads\/2017\/10\/wrapper.jpg","width":1600,"height":1059},{"@type":"BreadcrumbList","@id":"https:\/\/swedish-auto.com\/fr\/services\/tires-alignment\/#breadcrumb","itemListElement":[{"@type":"ListItem","position":1,"name":"Home","item":"https:\/\/swedish-auto.com\/fr\/"},{"@type":"ListItem","position":2,"name":"SERVICES","item":"https:\/\/swedish-auto.com\/fr\/services\/"},{"@type":"ListItem","position":3,"name":"PNEUS \/ ALIGNEMENT"}]},{"@type":"WebSite","@id":"https:\/\/swedish-auto.com\/#website","url":"https:\/\/swedish-auto.com\/","name":"Swedish Auto Center","description":"Specialist of Volvo, Saab and Subaru cars.","publisher":{"@id":"https:\/\/swedish-auto.com\/#organization"},"potentialAction":[{"@type":"SearchAction","target":{"@type":"EntryPoint","urlTemplate":"https:\/\/swedish-auto.com\/?s={search_term_string}"},"query-input":{"@type":"PropertyValueSpecification","valueRequired":true,"valueName":"search_term_string"}}],"inLanguage":"fr-FR"},{"@type":"Organization","@id":"https:\/\/swedish-auto.com\/#organization","name":"Swedish Auto Center","url":"https:\/\/swedish-auto.com\/","logo":{"@type":"ImageObject","inLanguage":"fr-FR","@id":"https:\/\/swedish-auto.com\/#\/schema\/logo\/image\/","url":"https:\/\/swedish-auto.com\/wp-content\/uploads\/2017\/10\/footer-logo.png","contentUrl":"https:\/\/swedish-auto.com\/wp-content\/uploads\/2017\/10\/footer-logo.png","width":91,"height":85,"caption":"Swedish Auto Center"},"image":{"@id":"https:\/\/swedish-auto.com\/#\/schema\/logo\/image\/"},"sameAs":["https:\/\/www.facebook.com\/swedishautocentre\/"]}]}},"_links":{"self":[{"href":"https:\/\/swedish-auto.com\/fr\/wp-json\/wp\/v2\/pages\/522","targetHints":{"allow":["GET"]}}],"collection":[{"href":"https:\/\/swedish-auto.com\/fr\/wp-json\/wp\/v2\/pages"}],"about":[{"href":"https:\/\/swedish-auto.com\/fr\/wp-json\/wp\/v2\/types\/page"}],"author":[{"embeddable":true,"href":"https:\/\/swedish-auto.com\/fr\/wp-json\/wp\/v2\/users\/4"}],"replies":[{"embeddable":true,"href":"https:\/\/swedish-auto.com\/fr\/wp-json\/wp\/v2\/comments?post=522"}],"version-history":[{"count":8,"href":"https:\/\/swedish-auto.com\/fr\/wp-json\/wp\/v2\/pages\/522\/revisions"}],"predecessor-version":[{"id":864,"href":"https:\/\/swedish-auto.com\/fr\/wp-json\/wp\/v2\/pages\/522\/revisions\/864"}],"up":[{"embeddable":true,"href":"https:\/\/swedish-auto.com\/fr\/wp-json\/wp\/v2\/pages\/439"}],"wp:featuredmedia":[{"embeddable":true,"href":"https:\/\/swedish-auto.com\/fr\/wp-json\/wp\/v2\/media\/519"}],"wp:attachment":[{"href":"https:\/\/swedish-auto.com\/fr\/wp-json\/wp\/v2\/media?parent=522"}],"curies":[{"name":"wp","href":"https:\/\/api.w.org\/{rel}","templated":true}]}}